{"id":8,"date":"2015-12-13T20:05:49","date_gmt":"2015-12-13T20:05:49","guid":{"rendered":"http:\/\/wp1.themexlab.com\/wp\/apartvilla\/?page_id=8"},"modified":"2018-08-25T09:59:41","modified_gmt":"2018-08-25T07:59:41","slug":"o-nama","status":"publish","type":"page","link":"https:\/\/apartman-latin.com\/index.php\/o-nama\/","title":{"rendered":"O nama"},"content":{"rendered":"<p>[vc_row][vc_column]\r\n<!-- #about-page-content -->\r\n<section id=\"about-page-content\">\r\n\t<div class=\"container\">\r\n\t\t<div class=\"row\">\r\n\t\t\t<!-- .about-page-text -->\r\n\t\t\t<div class=\"col-lg-6 col-md-6 about-page-text\">\r\n\t\t\t\t<!-- .section-title -->\r\n\t\t\t\t<div class=\"section-title\">\r\n\t\t\t\t\t<span>Odmor i relaksacija<\/span>\r\n\t\t\t\t\t<h2><span>Apartman Latin<\/span><\/h2>\t\t\t\t\r\n\t\t\t\t<\/div><!-- \/.section-title -->\r\n\t\t\t\t<p>Prirodno okru\u017eenje i oaza mira zadovoljiti \u0107e i najzahtjevnije posjetitelje koji su u potrazi za mirno\u0107om i odmorom. Okru\u017eenje apartmana obiluje prirodnim ljepotama. U apartmanu koristimo isklju\u010divo prirodne materijale, a pru\u017eamo i usluge pripreme hrane po na\u0161oj recepturi u kojoj su pripravci isklju\u010divo organski uzgojenih namirnica. Svojim gostima pru\u017eamo mogu\u0107nost organizacije te\u010dajeva joge.<\/p>\r\n\t\t\t<\/div><!-- \/.about-page-text -->\r\n\t\t\t<!-- .about-page-image -->\r\n\t\t\t<div class=\"col-lg-6 col-md-6 about-page-image text-right\">\r\n\t\t\t\t<img decoding=\"async\" src=\"https:\/\/apartman-latin.com\/wp-content\/uploads\/2018\/08\/o_nama.jpg\" alt=\"image\">\r\n\t\t\t<\/div><!-- \/.about-page-image -->\r\n\t\t<\/div>\r\n\t<\/div>\r\n<\/section><!-- \/#about-page-content -->\r\n\r\n[\/vc_column][\/vc_row][vc_row][vc_column]\r\n<!-- #property-highlight -->\r\n<section id=\"property-highlight\" class=\"about-page\">\r\n\t<div class=\"container\">\r\n\t\t<div class=\"row\">\r\n\t\t\t<!-- .full-img -->\r\n\t\t\t<div class=\"col-lg-5 col-md-12 col-sm-12 full-img\">\r\n\t\t\t\t<!-- .img-holder -->\r\n\t\t\t\t<div class=\"img-holder\">\r\n\t\t\t\t\t<img decoding=\"async\" src=\"https:\/\/apartman-latin.com\/wp-content\/uploads\/2018\/08\/o_nama3.jpg\" alt=\"image\">\r\n\t\t\t\t<\/div><!-- \/.img-holder -->\r\n\t\t\t<\/div><!-- \/.full-img -->\r\n\t\t\t<!-- .property-highlight-text -->\r\n\t\t\t<div class=\"col-lg-7 col-md-12 col-sm-12 property-highlight-text\">\r\n\t\t\t\t<!-- .section-title -->\r\n\t\t\t\t<div class=\"section-title\">\r\n\t\t\t\t\t<span>Karakteristike<\/span>\r\n\t\t\t\t\t<h2><span>Apartman Latin<\/span><\/h2>\r\n\t\t\t\t<\/div><!-- \/.section-title -->\r\n\t\t\t\t<!-- .facility-list -->\r\n\t\t\t\t<ul class=\"facility-list\">\r\n\t\t\t\t\t\t\t\t\t\t                        <li><i class=\"fa fa-check-square-o\"><\/i>Wifi<br \/><\/li>\r\n                                            <li><i class=\"fa fa-check-square-o\"><\/i>TV ravnog ekrana<br \/><\/li>\r\n                                            <li><i class=\"fa fa-check-square-o\"><\/i>Klima-ure\u0111aj<br \/><\/li>\r\n                                            <li><i class=\"fa fa-check-square-o\"><\/i>Kabelski programi<br \/><\/li>\r\n                                            <li><i class=\"fa fa-check-square-o\"><\/i>Satelitski programi<br \/><\/li>\r\n                                            <li><i class=\"fa fa-check-square-o\"><\/i>Aparat za pripremu kave\/\u010daja<br \/><\/li>\r\n                                            <li><i class=\"fa fa-check-square-o\"><\/i>Mikrovalna pe\u0107nica<\/li>\r\n                    \t\t\t\t<\/ul><!-- \/.facility-list -->\r\n                \r\n                <ul class=\"facility-list\">\r\n\t\t\t\t\t\t\t\t\t\t                        <li><i class=\"fa fa-check-square-o\"><\/i>Balkon<br \/><\/li>\r\n                                            <li><i class=\"fa fa-check-square-o\"><\/i>Pogled na planinu<br \/><\/li>\r\n                                            <li><i class=\"fa fa-check-square-o\"><\/i>Drveni\/ parketni pod<br \/><\/li>\r\n                                            <li><i class=\"fa fa-check-square-o\"><\/i>Blagovaonica<br \/><\/li>\r\n                                            <li><i class=\"fa fa-check-square-o\"><\/i>Garderoba\/ormar<br \/><\/li>\r\n                                            <li><i class=\"fa fa-check-square-o\"><\/i>Kamin<br \/><\/li>\r\n                                            <li><i class=\"fa fa-check-square-o\"><\/i>Ro\u0161tilj<\/li>\r\n                    \t\t\t\t<\/ul><!-- \/.facility-list -->\r\n\t\t\t<\/div><!-- \/.property-highlight-text -->\r\n\t\t<\/div>\r\n\t<\/div>\r\n<\/section><!-- \/#property-highlight -->\r\n\r\n[\/vc_column][\/vc_row][vc_row][vc_column]<!-- .call-to-action -->\r\n<section class=\"call-to-action\">\r\n\t<div class=\"container\">\r\n\t\t<div class=\"row\">\r\n\t\t\t<div class=\"col-lg-9 col-md-8 col-sm-8 call-to-action-text\">\r\n\t\t\t\t<h1>Kontaktirajte nas za bilo koju vrstu upita<\/h1>\r\n\t\t\t<\/div>\r\n\t\t\t<div class=\"col-lg-3 col-md-4 col-sm-4 call-to-action-button anim-5-all text-center\">\r\n\t\t\t\t<button onclick=\"window.location.href='http:\/\/apartman-latin.esy.es\/index.php\/kontakt\/'\" >Kontakt<\/button>\r\n\t\t\t<\/div>\r\n\t\t<\/div>\r\n\t<\/div>\r\n<\/section><!-- \/.call-to-action -->\r\n\r\n[\/vc_column][\/vc_row][vc_row][vc_column][\/vc_column][\/vc_row][vc_row][vc_column][\/vc_column][\/vc_row]<\/p>\n","protected":false},"excerpt":{"rendered":"<p>[vc_row][vc_column][\/vc_column][\/vc_row][vc_row][vc_column][\/vc_column][\/vc_row][vc_row][vc_column][\/vc_column][\/vc_row][vc_row][vc_column][\/vc_column][\/vc_row][vc_row][vc_column][\/vc_column][\/vc_row]<\/p>\n","protected":false},"author":1,"featured_media":0,"parent":0,"menu_order":0,"comment_status":"open","ping_status":"closed","template":"tpl-visual_composer2.php","meta":{"footnotes":""},"class_list":["post-8","page","type-page","status-publish","hentry"],"_links":{"self":[{"href":"https:\/\/apartman-latin.com\/index.php\/wp-json\/wp\/v2\/pages\/8"}],"collection":[{"href":"https:\/\/apartman-latin.com\/index.php\/wp-json\/wp\/v2\/pages"}],"about":[{"href":"https:\/\/apartman-latin.com\/index.php\/wp-json\/wp\/v2\/types\/page"}],"author":[{"embeddable":true,"href":"https:\/\/apartman-latin.com\/index.php\/wp-json\/wp\/v2\/users\/1"}],"replies":[{"embeddable":true,"href":"https:\/\/apartman-latin.com\/index.php\/wp-json\/wp\/v2\/comments?post=8"}],"version-history":[{"count":5,"href":"https:\/\/apartman-latin.com\/index.php\/wp-json\/wp\/v2\/pages\/8\/revisions"}],"predecessor-version":[{"id":938,"href":"https:\/\/apartman-latin.com\/index.php\/wp-json\/wp\/v2\/pages\/8\/revisions\/938"}],"wp:attachment":[{"href":"https:\/\/apartman-latin.com\/index.php\/wp-json\/wp\/v2\/media?parent=8"}],"curies":[{"name":"wp","href":"https:\/\/api.w.org\/{rel}","templated":true}]}}