

{"id":15,"date":"2015-12-13T20:07:57","date_gmt":"2015-12-13T20:07:57","guid":{"rendered":"http:\/\/wp1.themexlab.com\/wp\/apartvilla\/?page_id=15"},"modified":"2018-08-26T18:51:56","modified_gmt":"2018-08-26T16:51:56","slug":"galerija","status":"publish","type":"page","link":"https:\/\/apartman-latin.com\/index.php\/galerija\/","title":{"rendered":"Galerija"},"content":{"rendered":"<p>[vc_row][vc_column]\t \r\n\r\n<!-- .section-title-wrap -->\r\n<section class=\"section-title-wrap gray-background\">\r\n\t<div class=\"container\">\r\n\t\t<div class=\"col-lg-12\">\r\n\t\t\t<!-- .section-title -->\r\n\t\t\t<div class=\"section-title text-center\">\r\n\t\t\t\t<span>Apartman Latin<\/span>\r\n\t\t\t\t<h2><span>Pogledajte galeriju slika<\/span><\/h2>\r\n\t\t\t\t<p>Za bolji vizualni dojam pogledajte fotografije na\u0161eg apartmana kako bi se uvjerili u kvalitetu ponude koju pru\u017eamo.<\/p>\r\n\t\t\t<\/div><!-- \/.section-title -->\r\n\t\t<\/div>\r\n\t<\/div>\r\n<\/section><!-- \/.section-title-wrap -->\r\n\r\n\r\n<!-- #gallery -->\r\n<section id=\"gallery\" class=\"gallery-page-three\">\r\n\t<div class=\"container\">\r\n\t\t\t\t<!-- .gallery-filter -->\r\n\t\t<ul class=\"gallery-filter anim-5-all text-center\">\r\n\t\t\t<li data-filter=\"all\" class=\"active gallery-sorter\">\r\n\t\t\t\t<span>All images<\/span>\r\n\t\t\t<\/li>\r\n\t\t\t            <li data-filter=\".interijer\" class=\"gallery-sorter\">\r\n\t\t\t\t<span>Interijer<\/span>\r\n\t\t\t<\/li>\r\n\t\t\t            <li data-filter=\".okolis\" class=\"gallery-sorter\">\r\n\t\t\t\t<span>Okoli\u0161<\/span>\r\n\t\t\t<\/li>\r\n\t\t\t            <li data-filter=\".spavace-sobe\" class=\"gallery-sorter\">\r\n\t\t\t\t<span>Spava\u0107e sobe<\/span>\r\n\t\t\t<\/li>\r\n\t\t\t            <li data-filter=\".okucnica\" class=\"gallery-sorter\">\r\n\t\t\t\t<span>Oku\u0107nica<\/span>\r\n\t\t\t<\/li>\r\n\t\t\t\t\t<\/ul><!-- \/.gallery-filter -->\r\n\t\t\t\t<div class=\"row\">\r\n\t\t\t<!-- .image-gallery -->\r\n\t\t\t<div class=\"image-gallery\" data-filter-class=\"gallery-sorter\">\r\n\t\t\t\t\r\n\t\t\t\t\t\t\r\n           \r\n\t\t        \r\n\t\t   \r\n\t\t   <!-- .single-gallery -->\r\n\t\t\t<div class=\"single-gallery anim-5-all masonryImage mix span-6 interijer \">\r\n\t\t\t\t<div class=\"img-holder\">\r\n\t\t\t\t\t<img loading=\"lazy\" decoding=\"async\" width=\"513\" height=\"298\" src=\"https:\/\/apartman-latin.com\/wp-content\/uploads\/2015\/12\/interijer_galerija-513x298.jpg\" class=\"img-responsive wp-post-image\" alt=\"\" \/>\t\t\t\t\t<div class=\"content\">\r\n\t\t\t\t\t\t<div class=\"image-view\">\r\n\t\t\t\t\t\t\t<a class=\"fancybox\" href=\"https:\/\/apartman-latin.com\/wp-content\/uploads\/2015\/12\/interijer_galerija.jpg\">\r\n\t\t\t\t\t\t\t\t<i class=\"fa fa-camera\"><\/i>\r\n\t\t\t\t\t\t\t<\/a>\r\n\t\t\t\t\t\t<\/div>\r\n\t\t\t\t\t\t<div class=\"title-holder\"><h4>Prirodni materijali<\/h4><\/div>\r\n\t\t\t\t\t\t<div class=\"link-view\">\r\n\t\t\t\t\t\t\t<a href=\"#\"><i class=\"fa fa-link\"><\/i><\/a>\r\n\t\t\t\t\t\t<\/div>\r\n\t\t\t\t\t<\/div>\r\n\t\t\t\t<\/div>\r\n\t\t\t\t<div class=\"modal-content\">\r\n\t\t\t\t\t<div class=\"item-name\"><\/div>\r\n\t\t\t\t\t<img loading=\"lazy\" decoding=\"async\" width=\"480\" height=\"331\" src=\"https:\/\/apartman-latin.com\/wp-content\/uploads\/2015\/12\/interijer_galerija-480x331.jpg\" class=\"item-image img-responsive wp-post-image\" alt=\"\" \/>\t\t\t\t\t<div class=\"item-text\">\r\n\t\t\t\t\t\t<p>U na\u0161em apartmanu koristimo isklju\u010divo prirodne materijale.<\/p>\r\n\t\t\t\t\t\t\t\t\t\t\t<\/div>\r\n\r\n\t\t\t\t<\/div>\r\n\t\t\t<\/div><!-- \/.single-gallery -->\r\n\r\n\t\t\t\t\r\n           \r\n\t\t        \r\n\t\t   \r\n\t\t   <!-- .single-gallery -->\r\n\t\t\t<div class=\"single-gallery anim-5-all masonryImage mix span-6 okolis \">\r\n\t\t\t\t<div class=\"img-holder\">\r\n\t\t\t\t\t<img loading=\"lazy\" decoding=\"async\" width=\"513\" height=\"298\" src=\"https:\/\/apartman-latin.com\/wp-content\/uploads\/2015\/12\/okolis_galerija_1-513x298.jpg\" class=\"img-responsive wp-post-image\" alt=\"\" \/>\t\t\t\t\t<div class=\"content\">\r\n\t\t\t\t\t\t<div class=\"image-view\">\r\n\t\t\t\t\t\t\t<a class=\"fancybox\" href=\"https:\/\/apartman-latin.com\/wp-content\/uploads\/2015\/12\/okolis_galerija_1.jpg\">\r\n\t\t\t\t\t\t\t\t<i class=\"fa fa-camera\"><\/i>\r\n\t\t\t\t\t\t\t<\/a>\r\n\t\t\t\t\t\t<\/div>\r\n\t\t\t\t\t\t<div class=\"title-holder\"><h4>Boje koje o\u010daravaju<\/h4><\/div>\r\n\t\t\t\t\t\t<div class=\"link-view\">\r\n\t\t\t\t\t\t\t<a href=\"#\"><i class=\"fa fa-link\"><\/i><\/a>\r\n\t\t\t\t\t\t<\/div>\r\n\t\t\t\t\t<\/div>\r\n\t\t\t\t<\/div>\r\n\t\t\t\t<div class=\"modal-content\">\r\n\t\t\t\t\t<div class=\"item-name\"><\/div>\r\n\t\t\t\t\t<img loading=\"lazy\" decoding=\"async\" width=\"480\" height=\"331\" src=\"https:\/\/apartman-latin.com\/wp-content\/uploads\/2015\/12\/okolis_galerija_1-480x331.jpg\" class=\"item-image img-responsive wp-post-image\" alt=\"\" \/>\t\t\t\t\t<div class=\"item-text\">\r\n\t\t\t\t\t\t<p>\u010cari na\u0161eg okru\u017eenja mogu se samo do\u017eivjeti u\u017eivo.<\/p>\r\n\t\t\t\t\t\t\t\t\t\t\t<\/div>\r\n\r\n\t\t\t\t<\/div>\r\n\t\t\t<\/div><!-- \/.single-gallery -->\r\n\r\n\t\t\t\t\r\n           \r\n\t\t        \r\n\t\t   \r\n\t\t   <!-- .single-gallery -->\r\n\t\t\t<div class=\"single-gallery anim-5-all masonryImage mix span-6 okolis \">\r\n\t\t\t\t<div class=\"img-holder\">\r\n\t\t\t\t\t<img loading=\"lazy\" decoding=\"async\" width=\"513\" height=\"298\" src=\"https:\/\/apartman-latin.com\/wp-content\/uploads\/2015\/12\/okolis_galerija_3-513x298.jpg\" class=\"img-responsive wp-post-image\" alt=\"\" \/>\t\t\t\t\t<div class=\"content\">\r\n\t\t\t\t\t\t<div class=\"image-view\">\r\n\t\t\t\t\t\t\t<a class=\"fancybox\" href=\"https:\/\/apartman-latin.com\/wp-content\/uploads\/2015\/12\/okolis_galerija_3.jpg\">\r\n\t\t\t\t\t\t\t\t<i class=\"fa fa-camera\"><\/i>\r\n\t\t\t\t\t\t\t<\/a>\r\n\t\t\t\t\t\t<\/div>\r\n\t\t\t\t\t\t<div class=\"title-holder\"><h4>Bajkovitost okoli\u0161a<\/h4><\/div>\r\n\t\t\t\t\t\t<div class=\"link-view\">\r\n\t\t\t\t\t\t\t<a href=\"#\"><i class=\"fa fa-link\"><\/i><\/a>\r\n\t\t\t\t\t\t<\/div>\r\n\t\t\t\t\t<\/div>\r\n\t\t\t\t<\/div>\r\n\t\t\t\t<div class=\"modal-content\">\r\n\t\t\t\t\t<div class=\"item-name\"><\/div>\r\n\t\t\t\t\t<img loading=\"lazy\" decoding=\"async\" width=\"480\" height=\"331\" src=\"https:\/\/apartman-latin.com\/wp-content\/uploads\/2015\/12\/okolis_galerija_3-480x331.jpg\" class=\"item-image img-responsive wp-post-image\" alt=\"\" \/>\t\t\t\t\t<div class=\"item-text\">\r\n\t\t\t\t\t\t<p>Okoli\u0161 na\u0161eg apartmana obiluje raznovrsni biljem i mirisima lavande.<\/p>\r\n\t\t\t\t\t\t\t\t\t\t\t<\/div>\r\n\r\n\t\t\t\t<\/div>\r\n\t\t\t<\/div><!-- \/.single-gallery -->\r\n\r\n\t\t\t\t\r\n           \r\n\t\t        \r\n\t\t   \r\n\t\t   <!-- .single-gallery -->\r\n\t\t\t<div class=\"single-gallery anim-5-all masonryImage mix span-6 spavace-sobe \">\r\n\t\t\t\t<div class=\"img-holder\">\r\n\t\t\t\t\t<img loading=\"lazy\" decoding=\"async\" width=\"513\" height=\"298\" src=\"https:\/\/apartman-latin.com\/wp-content\/uploads\/2016\/01\/spavaca_soba_galerija-513x298.jpg\" class=\"img-responsive wp-post-image\" alt=\"\" \/>\t\t\t\t\t<div class=\"content\">\r\n\t\t\t\t\t\t<div class=\"image-view\">\r\n\t\t\t\t\t\t\t<a class=\"fancybox\" href=\"https:\/\/apartman-latin.com\/wp-content\/uploads\/2016\/01\/spavaca_soba_galerija.jpg\">\r\n\t\t\t\t\t\t\t\t<i class=\"fa fa-camera\"><\/i>\r\n\t\t\t\t\t\t\t<\/a>\r\n\t\t\t\t\t\t<\/div>\r\n\t\t\t\t\t\t<div class=\"title-holder\"><h4>Prirodni materijali<\/h4><\/div>\r\n\t\t\t\t\t\t<div class=\"link-view\">\r\n\t\t\t\t\t\t\t<a href=\"#\"><i class=\"fa fa-link\"><\/i><\/a>\r\n\t\t\t\t\t\t<\/div>\r\n\t\t\t\t\t<\/div>\r\n\t\t\t\t<\/div>\r\n\t\t\t\t<div class=\"modal-content\">\r\n\t\t\t\t\t<div class=\"item-name\"><\/div>\r\n\t\t\t\t\t<img loading=\"lazy\" decoding=\"async\" width=\"480\" height=\"331\" src=\"https:\/\/apartman-latin.com\/wp-content\/uploads\/2016\/01\/spavaca_soba_galerija-480x331.jpg\" class=\"item-image img-responsive wp-post-image\" alt=\"\" \/>\t\t\t\t\t<div class=\"item-text\">\r\n\t\t\t\t\t\t<p>Va\u0161 san biti \u0107e zasigurno ugodan u sobi koja sadr\u017ei isklju\u010divo prirodne materjale.<\/p>\r\n\t\t\t\t\t\t\t\t\t\t\t<\/div>\r\n\r\n\t\t\t\t<\/div>\r\n\t\t\t<\/div><!-- \/.single-gallery -->\r\n\r\n\t\t\t\t\r\n           \r\n\t\t        \r\n\t\t   \r\n\t\t   <!-- .single-gallery -->\r\n\t\t\t<div class=\"single-gallery anim-5-all masonryImage mix span-6 interijer \">\r\n\t\t\t\t<div class=\"img-holder\">\r\n\t\t\t\t\t<img loading=\"lazy\" decoding=\"async\" width=\"513\" height=\"298\" src=\"https:\/\/apartman-latin.com\/wp-content\/uploads\/2018\/08\/interijer_galerija_1-513x298.jpg\" class=\"img-responsive wp-post-image\" alt=\"\" \/>\t\t\t\t\t<div class=\"content\">\r\n\t\t\t\t\t\t<div class=\"image-view\">\r\n\t\t\t\t\t\t\t<a class=\"fancybox\" href=\"https:\/\/apartman-latin.com\/wp-content\/uploads\/2018\/08\/interijer_galerija_1.jpg\">\r\n\t\t\t\t\t\t\t\t<i class=\"fa fa-camera\"><\/i>\r\n\t\t\t\t\t\t\t<\/a>\r\n\t\t\t\t\t\t<\/div>\r\n\t\t\t\t\t\t<div class=\"title-holder\"><h4>Ugodan ambijent<\/h4><\/div>\r\n\t\t\t\t\t\t<div class=\"link-view\">\r\n\t\t\t\t\t\t\t<a href=\"#\"><i class=\"fa fa-link\"><\/i><\/a>\r\n\t\t\t\t\t\t<\/div>\r\n\t\t\t\t\t<\/div>\r\n\t\t\t\t<\/div>\r\n\t\t\t\t<div class=\"modal-content\">\r\n\t\t\t\t\t<div class=\"item-name\"><\/div>\r\n\t\t\t\t\t<img loading=\"lazy\" decoding=\"async\" width=\"480\" height=\"331\" src=\"https:\/\/apartman-latin.com\/wp-content\/uploads\/2018\/08\/interijer_galerija_1-480x331.jpg\" class=\"item-image img-responsive wp-post-image\" alt=\"\" \/>\t\t\t\t\t<div class=\"item-text\">\r\n\t\t\t\t\t\t<p>\u010cisto\u0107a prostora osigurava ugodan ambijent za boravak.<\/p>\r\n\t\t\t\t\t\t\t\t\t\t\t<\/div>\r\n\r\n\t\t\t\t<\/div>\r\n\t\t\t<\/div><!-- \/.single-gallery -->\r\n\r\n\t\t\t\t\r\n           \r\n\t\t        \r\n\t\t   \r\n\t\t   <!-- .single-gallery -->\r\n\t\t\t<div class=\"single-gallery anim-5-all masonryImage mix span-6 interijer \">\r\n\t\t\t\t<div class=\"img-holder\">\r\n\t\t\t\t\t<img loading=\"lazy\" decoding=\"async\" width=\"513\" height=\"298\" src=\"https:\/\/apartman-latin.com\/wp-content\/uploads\/2018\/08\/interijer_galerija_2-513x298.jpg\" class=\"img-responsive wp-post-image\" alt=\"\" \/>\t\t\t\t\t<div class=\"content\">\r\n\t\t\t\t\t\t<div class=\"image-view\">\r\n\t\t\t\t\t\t\t<a class=\"fancybox\" href=\"https:\/\/apartman-latin.com\/wp-content\/uploads\/2018\/08\/interijer_galerija_2.jpg\">\r\n\t\t\t\t\t\t\t\t<i class=\"fa fa-camera\"><\/i>\r\n\t\t\t\t\t\t\t<\/a>\r\n\t\t\t\t\t\t<\/div>\r\n\t\t\t\t\t\t<div class=\"title-holder\"><h4>Skladnost prostora<\/h4><\/div>\r\n\t\t\t\t\t\t<div class=\"link-view\">\r\n\t\t\t\t\t\t\t<a href=\"#\"><i class=\"fa fa-link\"><\/i><\/a>\r\n\t\t\t\t\t\t<\/div>\r\n\t\t\t\t\t<\/div>\r\n\t\t\t\t<\/div>\r\n\t\t\t\t<div class=\"modal-content\">\r\n\t\t\t\t\t<div class=\"item-name\"><\/div>\r\n\t\t\t\t\t<img loading=\"lazy\" decoding=\"async\" width=\"480\" height=\"331\" src=\"https:\/\/apartman-latin.com\/wp-content\/uploads\/2018\/08\/interijer_galerija_2-480x331.jpg\" class=\"item-image img-responsive wp-post-image\" alt=\"\" \/>\t\t\t\t\t<div class=\"item-text\">\r\n\t\t\t\t\t\t<p>U na\u0161em apartmanu, svaka daje dojam smirenosti i skladnosti<\/p>\r\n\t\t\t\t\t\t\t\t\t\t\t<\/div>\r\n\r\n\t\t\t\t<\/div>\r\n\t\t\t<\/div><!-- \/.single-gallery -->\r\n\r\n\t\t\t\t\r\n           \r\n\t\t        \r\n\t\t   \r\n\t\t   <!-- .single-gallery -->\r\n\t\t\t<div class=\"single-gallery anim-5-all masonryImage mix span-6 okolis \">\r\n\t\t\t\t<div class=\"img-holder\">\r\n\t\t\t\t\t<img loading=\"lazy\" decoding=\"async\" width=\"513\" height=\"298\" src=\"https:\/\/apartman-latin.com\/wp-content\/uploads\/2018\/08\/okolis_galerija_4-513x298.jpg\" class=\"img-responsive wp-post-image\" alt=\"\" \/>\t\t\t\t\t<div class=\"content\">\r\n\t\t\t\t\t\t<div class=\"image-view\">\r\n\t\t\t\t\t\t\t<a class=\"fancybox\" href=\"https:\/\/apartman-latin.com\/wp-content\/uploads\/2018\/08\/okolis_galerija_4.jpg\">\r\n\t\t\t\t\t\t\t\t<i class=\"fa fa-camera\"><\/i>\r\n\t\t\t\t\t\t\t<\/a>\r\n\t\t\t\t\t\t<\/div>\r\n\t\t\t\t\t\t<div class=\"title-holder\"><h4>O\u010daravaju\u0107i prizori<\/h4><\/div>\r\n\t\t\t\t\t\t<div class=\"link-view\">\r\n\t\t\t\t\t\t\t<a href=\"#\"><i class=\"fa fa-link\"><\/i><\/a>\r\n\t\t\t\t\t\t<\/div>\r\n\t\t\t\t\t<\/div>\r\n\t\t\t\t<\/div>\r\n\t\t\t\t<div class=\"modal-content\">\r\n\t\t\t\t\t<div class=\"item-name\"><\/div>\r\n\t\t\t\t\t<img loading=\"lazy\" decoding=\"async\" width=\"480\" height=\"331\" src=\"https:\/\/apartman-latin.com\/wp-content\/uploads\/2018\/08\/okolis_galerija_4-480x331.jpg\" class=\"item-image img-responsive wp-post-image\" alt=\"\" \/>\t\t\t\t\t<div class=\"item-text\">\r\n\t\t\t\t\t\t<p>Razgledavanjem na\u0161ega okoli\u0161a ne\u0107ete ostati ravnodu\u0161ni.<\/p>\r\n\t\t\t\t\t\t\t\t\t\t\t<\/div>\r\n\r\n\t\t\t\t<\/div>\r\n\t\t\t<\/div><!-- \/.single-gallery -->\r\n\r\n\t\t\t\t\r\n           \r\n\t\t        \r\n\t\t   \r\n\t\t   <!-- .single-gallery -->\r\n\t\t\t<div class=\"single-gallery anim-5-all masonryImage mix span-6 okucnica \">\r\n\t\t\t\t<div class=\"img-holder\">\r\n\t\t\t\t\t<img loading=\"lazy\" decoding=\"async\" width=\"513\" height=\"298\" src=\"https:\/\/apartman-latin.com\/wp-content\/uploads\/2018\/08\/okucnica2-513x298.jpg\" class=\"img-responsive wp-post-image\" alt=\"\" \/>\t\t\t\t\t<div class=\"content\">\r\n\t\t\t\t\t\t<div class=\"image-view\">\r\n\t\t\t\t\t\t\t<a class=\"fancybox\" href=\"https:\/\/apartman-latin.com\/wp-content\/uploads\/2018\/08\/okucnica2.jpg\">\r\n\t\t\t\t\t\t\t\t<i class=\"fa fa-camera\"><\/i>\r\n\t\t\t\t\t\t\t<\/a>\r\n\t\t\t\t\t\t<\/div>\r\n\t\t\t\t\t\t<div class=\"title-holder\"><h4>Mjesto za odmor<\/h4><\/div>\r\n\t\t\t\t\t\t<div class=\"link-view\">\r\n\t\t\t\t\t\t\t<a href=\"#\"><i class=\"fa fa-link\"><\/i><\/a>\r\n\t\t\t\t\t\t<\/div>\r\n\t\t\t\t\t<\/div>\r\n\t\t\t\t<\/div>\r\n\t\t\t\t<div class=\"modal-content\">\r\n\t\t\t\t\t<div class=\"item-name\"><\/div>\r\n\t\t\t\t\t<img loading=\"lazy\" decoding=\"async\" width=\"480\" height=\"331\" src=\"https:\/\/apartman-latin.com\/wp-content\/uploads\/2018\/08\/okucnica2-480x331.jpg\" class=\"item-image img-responsive wp-post-image\" alt=\"\" \/>\t\t\t\t\t<div class=\"item-text\">\r\n\t\t\t\t\t\t<p>Mjesta za odmor izvan apartmana kod nas ne ne dostaje.<\/p>\r\n\t\t\t\t\t\t\t\t\t\t\t<\/div>\r\n\r\n\t\t\t\t<\/div>\r\n\t\t\t<\/div><!-- \/.single-gallery -->\r\n\r\n\t\t\t\t\r\n           \r\n\t\t        \r\n\t\t   \r\n\t\t   <!-- .single-gallery -->\r\n\t\t\t<div class=\"single-gallery anim-5-all masonryImage mix span-6 okucnica \">\r\n\t\t\t\t<div class=\"img-holder\">\r\n\t\t\t\t\t<img loading=\"lazy\" decoding=\"async\" width=\"513\" height=\"298\" src=\"https:\/\/apartman-latin.com\/wp-content\/uploads\/2018\/08\/okucnica3-513x298.jpg\" class=\"img-responsive wp-post-image\" alt=\"\" \/>\t\t\t\t\t<div class=\"content\">\r\n\t\t\t\t\t\t<div class=\"image-view\">\r\n\t\t\t\t\t\t\t<a class=\"fancybox\" href=\"https:\/\/apartman-latin.com\/wp-content\/uploads\/2018\/08\/okucnica3.jpg\">\r\n\t\t\t\t\t\t\t\t<i class=\"fa fa-camera\"><\/i>\r\n\t\t\t\t\t\t\t<\/a>\r\n\t\t\t\t\t\t<\/div>\r\n\t\t\t\t\t\t<div class=\"title-holder\"><h4>Proizvodnja lavandinog ulja<\/h4><\/div>\r\n\t\t\t\t\t\t<div class=\"link-view\">\r\n\t\t\t\t\t\t\t<a href=\"#\"><i class=\"fa fa-link\"><\/i><\/a>\r\n\t\t\t\t\t\t<\/div>\r\n\t\t\t\t\t<\/div>\r\n\t\t\t\t<\/div>\r\n\t\t\t\t<div class=\"modal-content\">\r\n\t\t\t\t\t<div class=\"item-name\"><\/div>\r\n\t\t\t\t\t<img loading=\"lazy\" decoding=\"async\" width=\"480\" height=\"331\" src=\"https:\/\/apartman-latin.com\/wp-content\/uploads\/2018\/08\/okucnica3-480x331.jpg\" class=\"item-image img-responsive wp-post-image\" alt=\"\" \/>\t\t\t\t\t<div class=\"item-text\">\r\n\t\t\t\t\t\t<p>Dok odmarate u na\u0161em apartmanu, mo\u017eete u\u017eivati u ulju lavande vlastite proizvodnje<\/p>\r\n\t\t\t\t\t\t\t\t\t\t\t<\/div>\r\n\r\n\t\t\t\t<\/div>\r\n\t\t\t<\/div><!-- \/.single-gallery -->\r\n\r\n\t\t\t\t\r\n           \r\n\t\t        \r\n\t\t   \r\n\t\t   <!-- .single-gallery -->\r\n\t\t\t<div class=\"single-gallery anim-5-all masonryImage mix span-6 okucnica \">\r\n\t\t\t\t<div class=\"img-holder\">\r\n\t\t\t\t\t<img loading=\"lazy\" decoding=\"async\" width=\"513\" height=\"298\" src=\"https:\/\/apartman-latin.com\/wp-content\/uploads\/2018\/08\/okucnica1-1-513x298.jpg\" class=\"img-responsive wp-post-image\" alt=\"\" \/>\t\t\t\t\t<div class=\"content\">\r\n\t\t\t\t\t\t<div class=\"image-view\">\r\n\t\t\t\t\t\t\t<a class=\"fancybox\" href=\"https:\/\/apartman-latin.com\/wp-content\/uploads\/2018\/08\/okucnica1-1.jpg\">\r\n\t\t\t\t\t\t\t\t<i class=\"fa fa-camera\"><\/i>\r\n\t\t\t\t\t\t\t<\/a>\r\n\t\t\t\t\t\t<\/div>\r\n\t\t\t\t\t\t<div class=\"title-holder\"><h4>Mir i spokojnost<\/h4><\/div>\r\n\t\t\t\t\t\t<div class=\"link-view\">\r\n\t\t\t\t\t\t\t<a href=\"#\"><i class=\"fa fa-link\"><\/i><\/a>\r\n\t\t\t\t\t\t<\/div>\r\n\t\t\t\t\t<\/div>\r\n\t\t\t\t<\/div>\r\n\t\t\t\t<div class=\"modal-content\">\r\n\t\t\t\t\t<div class=\"item-name\"><\/div>\r\n\t\t\t\t\t<img loading=\"lazy\" decoding=\"async\" width=\"480\" height=\"331\" src=\"https:\/\/apartman-latin.com\/wp-content\/uploads\/2018\/08\/okucnica1-1-480x331.jpg\" class=\"item-image img-responsive wp-post-image\" alt=\"\" \/>\t\t\t\t\t<div class=\"item-text\">\r\n\t\t\t\t\t\t<p>U na\u0161em objektu prona\u0107i \u0107ete svoj mir i odmoriti se<\/p>\r\n\t\t\t\t\t\t\t\t\t\t\t<\/div>\r\n\r\n\t\t\t\t<\/div>\r\n\t\t\t<\/div><!-- \/.single-gallery -->\r\n\r\n\t\t\t\t\r\n           \r\n\t\t        \r\n\t\t   \r\n\t\t   <!-- .single-gallery -->\r\n\t\t\t<div class=\"single-gallery anim-5-all masonryImage mix span-6 spavace-sobe \">\r\n\t\t\t\t<div class=\"img-holder\">\r\n\t\t\t\t\t<img loading=\"lazy\" decoding=\"async\" width=\"513\" height=\"298\" src=\"https:\/\/apartman-latin.com\/wp-content\/uploads\/2018\/08\/spavaca_soba_galerija_1-513x298.jpg\" class=\"img-responsive wp-post-image\" alt=\"\" \/>\t\t\t\t\t<div class=\"content\">\r\n\t\t\t\t\t\t<div class=\"image-view\">\r\n\t\t\t\t\t\t\t<a class=\"fancybox\" href=\"https:\/\/apartman-latin.com\/wp-content\/uploads\/2018\/08\/spavaca_soba_galerija_1.jpg\">\r\n\t\t\t\t\t\t\t\t<i class=\"fa fa-camera\"><\/i>\r\n\t\t\t\t\t\t\t<\/a>\r\n\t\t\t\t\t\t<\/div>\r\n\t\t\t\t\t\t<div class=\"title-holder\"><h4>Prozra\u010dan prostor<\/h4><\/div>\r\n\t\t\t\t\t\t<div class=\"link-view\">\r\n\t\t\t\t\t\t\t<a href=\"#\"><i class=\"fa fa-link\"><\/i><\/a>\r\n\t\t\t\t\t\t<\/div>\r\n\t\t\t\t\t<\/div>\r\n\t\t\t\t<\/div>\r\n\t\t\t\t<div class=\"modal-content\">\r\n\t\t\t\t\t<div class=\"item-name\"><\/div>\r\n\t\t\t\t\t<img loading=\"lazy\" decoding=\"async\" width=\"480\" height=\"331\" src=\"https:\/\/apartman-latin.com\/wp-content\/uploads\/2018\/08\/spavaca_soba_galerija_1-480x331.jpg\" class=\"item-image img-responsive wp-post-image\" alt=\"\" \/>\t\t\t\t\t<div class=\"item-text\">\r\n\t\t\t\t\t\t<p>Na\u0161e spava\u0107e sobe su prozra\u010dne i ugodne za boravak i u dnevnim uvijetima.<\/p>\r\n\t\t\t\t\t\t\t\t\t\t\t<\/div>\r\n\r\n\t\t\t\t<\/div>\r\n\t\t\t<\/div><!-- \/.single-gallery -->\r\n\r\n\t\t\t\t\r\n           \r\n\t\t        \r\n\t\t   \r\n\t\t   <!-- .single-gallery -->\r\n\t\t\t<div class=\"single-gallery anim-5-all masonryImage mix span-6 spavace-sobe \">\r\n\t\t\t\t<div class=\"img-holder\">\r\n\t\t\t\t\t<img loading=\"lazy\" decoding=\"async\" width=\"513\" height=\"298\" src=\"https:\/\/apartman-latin.com\/wp-content\/uploads\/2018\/08\/spavaca_soba_galerija_2-513x298.jpg\" class=\"img-responsive wp-post-image\" alt=\"\" \/>\t\t\t\t\t<div class=\"content\">\r\n\t\t\t\t\t\t<div class=\"image-view\">\r\n\t\t\t\t\t\t\t<a class=\"fancybox\" href=\"https:\/\/apartman-latin.com\/wp-content\/uploads\/2018\/08\/spavaca_soba_galerija_2.jpg\">\r\n\t\t\t\t\t\t\t\t<i class=\"fa fa-camera\"><\/i>\r\n\t\t\t\t\t\t\t<\/a>\r\n\t\t\t\t\t\t<\/div>\r\n\t\t\t\t\t\t<div class=\"title-holder\"><h4>\u010cisto\u0107a soba<\/h4><\/div>\r\n\t\t\t\t\t\t<div class=\"link-view\">\r\n\t\t\t\t\t\t\t<a href=\"#\"><i class=\"fa fa-link\"><\/i><\/a>\r\n\t\t\t\t\t\t<\/div>\r\n\t\t\t\t\t<\/div>\r\n\t\t\t\t<\/div>\r\n\t\t\t\t<div class=\"modal-content\">\r\n\t\t\t\t\t<div class=\"item-name\"><\/div>\r\n\t\t\t\t\t<img loading=\"lazy\" decoding=\"async\" width=\"480\" height=\"331\" src=\"https:\/\/apartman-latin.com\/wp-content\/uploads\/2018\/08\/spavaca_soba_galerija_2-480x331.jpg\" class=\"item-image img-responsive wp-post-image\" alt=\"\" \/>\t\t\t\t\t<div class=\"item-text\">\r\n\t\t\t\t\t\t<p>Higijena spava\u0107ih soba nam je na prvom mijestu.<\/p>\r\n\t\t\t\t\t\t\t\t\t\t\t<\/div>\r\n\r\n\t\t\t\t<\/div>\r\n\t\t\t<\/div><!-- \/.single-gallery -->\r\n\r\n  \r\n\t\t\t<\/div><!-- \/.image-gallery -->\r\n\t\t<\/div>\r\n\t<\/div>\r\n<\/section><!-- \/#gallery -->\r\n\r\n\r\n<!-- gallery Modal -->\r\n<div class=\"modal fade\" id=\"single-gallery-modal\" tabindex=\"-1\" role=\"dialog\" aria-labelledby=\"myModalLabelTwo\">\r\n\t<div class=\"modal-dialog\" role=\"document\">\r\n\t\t<div class=\"modal-content\">\r\n\t\t\t<div class=\"modal-header\">\r\n\t\t\t\t<h4 class=\"modal-title text-center\" id=\"myModalLabelTwo\">Details of <span class=\"item-name\">drawing room<\/span><\/h4>\r\n\t\t\t\t<button type=\"button\" class=\"close\" data-dismiss=\"modal\" aria-label=\"Close\"><span aria-hidden=\"true\">&times;<\/span><\/button>\r\n\t\t\t<\/div>\r\n\t\t\t<div class=\"modal-body\">\r\n\t\t\t\t<div class=\"row\">\r\n\t\t\t\t\t<div class=\"col-md-6\">\r\n\t\t\t\t\t\t<div class=\"img-holder item-image\">\r\n\t\t\t\t\t\t\t<img decoding=\"async\" src=\"https:\/\/apartman-latin.com\/wp-content\/themes\/apartvilla\/img\/gallery2\/1.jpg\" alt=\"image\">\r\n\t\t\t\t\t\t<\/div>\r\n\t\t\t\t\t<\/div>\r\n\t\t\t\t\t<div class=\"col-md-6 item-text\">\r\n\t\t\t\t\t\t<!-- content loading via jQuery -->\r\n\t\t\t\t\t<\/div>\r\n\t\t\t\t<\/div>\r\n\t\t\t<\/div>\r\n\t\t<\/div>\r\n\t<\/div>\r\n<\/div>\r\n<!-- \/gallery Modal -->\r\n\r\n[\/vc_column][\/vc_row][vc_row][vc_column]\r\n<!-- #appointment -->\r\n<section id=\"appointment\" class=\"anim-5-all dark-background\">\r\n\t<div class=\"container\">\r\n\t\t<div class=\"row\">\r\n\t\t\t<!-- .agent-info -->\r\n\t\t\t<div class=\"col-lg-7 col-md-8 col-lg-offset-0 col-md-offset-2 agent-info\">\r\n\t\t\t\t<!-- .img-holder -->\r\n\t\t\t\t<div class=\"img-holder text-center-xs\">\r\n\t\t\t\t\t<img decoding=\"async\" src=\"https:\/\/apartman-latin.com\/wp-content\/uploads\/2018\/08\/contact.jpg\" alt=\"image\">\r\n\t\t\t\t<\/div><!-- \/.img-holder -->\r\n\t\t\t\t<!-- .content -->\r\n\t\t\t\t<div class=\"content\">\r\n\t\t\t\t\t<!-- .section-title -->\r\n\t\t\t\t\t<div class=\"section-title\">\r\n\t\t\t\t\t\t<span>Imate pitanje?<\/span>\r\n\t\t\t\t\t\t<h2><span>Kontaktirajte nas<\/span><\/h2>\r\n\t\t\t\t\t<\/div><!-- \/.section-title -->\r\n\t\t\t\t\t<h3>Mirjana Spankus<\/h3>\r\n\t\t\t\t\t<p><\/p>\r\n\t\t\t\t\t<p>Phone : +385 91 1556 703<\/p>\r\n\t\t\t\t\t<p>Email : am.spankus@gmail.com<\/p>\r\n\t\t\t\t<\/div><!-- \/.content -->\r\n\t\t\t<\/div><!-- \/.agent-info -->\r\n\t\t\t<!-- .contact-form-wrap -->\r\n\t\t\t<div class=\"col-lg-5 col-md-7 col-lg-offset-0 col-md-offset-2 contact-form-wrap\">\r\n\t\t\t\t<h3>KONTAKT FORMA<\/h3>\r\n\t\t\t\t<div role=\"form\" class=\"wpcf7\" id=\"wpcf7-f396-o1\" lang=\"en-US\" dir=\"ltr\">\n<div class=\"screen-reader-response\"><\/div>\n<form action=\"\/index.php\/wp-json\/wp\/v2\/pages\/15#wpcf7-f396-o1\" method=\"post\" class=\"wpcf7-form\" novalidate=\"novalidate\">\n<div style=\"display: none;\">\n<input type=\"hidden\" name=\"_wpcf7\" value=\"396\" \/>\n<input type=\"hidden\" name=\"_wpcf7_version\" value=\"5.0.3\" \/>\n<input type=\"hidden\" name=\"_wpcf7_locale\" value=\"en_US\" \/>\n<input type=\"hidden\" name=\"_wpcf7_unit_tag\" value=\"wpcf7-f396-o1\" \/>\n<input type=\"hidden\" name=\"_wpcf7_container_post\" value=\"0\" \/>\n<\/div>\n<p><span class=\"wpcf7-form-control-wrap text-180\"><input type=\"text\" name=\"text-180\" value=\"\" size=\"40\" class=\"wpcf7-form-control wpcf7-text wpcf7-validates-as-required\" aria-required=\"true\" aria-invalid=\"false\" placeholder=\"Name\" \/><\/span><\/p>\n<p><span class=\"wpcf7-form-control-wrap text-181\"><input type=\"text\" name=\"text-181\" value=\"\" size=\"40\" class=\"wpcf7-form-control wpcf7-text\" aria-invalid=\"false\" placeholder=\"Phone Number\" \/><\/span><\/p>\n<p><span class=\"wpcf7-form-control-wrap email-165\"><input type=\"email\" name=\"email-165\" value=\"\" size=\"40\" class=\"wpcf7-form-control wpcf7-text wpcf7-email wpcf7-validates-as-required wpcf7-validates-as-email\" aria-required=\"true\" aria-invalid=\"false\" placeholder=\"E-mail\" \/><\/span><\/p>\n<p><span class=\"wpcf7-form-control-wrap textarea-470\"><textarea name=\"textarea-470\" cols=\"40\" rows=\"10\" class=\"wpcf7-form-control wpcf7-textarea\" aria-invalid=\"false\" placeholder=\"Message\"><\/textarea><\/span><\/p>\n<p><input type=\"submit\" value=\"submit now\" class=\"wpcf7-form-control wpcf7-submit\" \/><\/p>\n<div class=\"wpcf7-response-output wpcf7-display-none\"><\/div><\/form><\/div>\t\t\t<\/div><!-- \/.contact-form-wrap -->\r\n\t\t<\/div>\r\n\t<\/div>\r\n<\/section><!-- \/#appointment -->\r\n\r\n[\/vc_column][\/vc_row]<\/p>\n","protected":false},"excerpt":{"rendered":"<p>[vc_row][vc_column][\/vc_column][\/vc_row][vc_row][vc_column][\/vc_column][\/vc_row]<\/p>\n","protected":false},"author":1,"featured_media":0,"parent":0,"menu_order":0,"comment_status":"open","ping_status":"closed","template":"tpl-visual_composer2.php","meta":{"footnotes":""},"class_list":["post-15","page","type-page","status-publish","hentry"],"_links":{"self":[{"href":"https:\/\/apartman-latin.com\/index.php\/wp-json\/wp\/v2\/pages\/15"}],"collection":[{"href":"https:\/\/apartman-latin.com\/index.php\/wp-json\/wp\/v2\/pages"}],"about":[{"href":"https:\/\/apartman-latin.com\/index.php\/wp-json\/wp\/v2\/types\/page"}],"author":[{"embeddable":true,"href":"https:\/\/apartman-latin.com\/index.php\/wp-json\/wp\/v2\/users\/1"}],"replies":[{"embeddable":true,"href":"https:\/\/apartman-latin.com\/index.php\/wp-json\/wp\/v2\/comments?post=15"}],"version-history":[{"count":7,"href":"https:\/\/apartman-latin.com\/index.php\/wp-json\/wp\/v2\/pages\/15\/revisions"}],"predecessor-version":[{"id":985,"href":"https:\/\/apartman-latin.com\/index.php\/wp-json\/wp\/v2\/pages\/15\/revisions\/985"}],"wp:attachment":[{"href":"https:\/\/apartman-latin.com\/index.php\/wp-json\/wp\/v2\/media?parent=15"}],"curies":[{"name":"wp","href":"https:\/\/api.w.org\/{rel}","templated":true}]}}